{"id":2,"date":"2023-08-23T07:07:21","date_gmt":"2023-08-23T07:07:21","guid":{"rendered":"https:\/\/www.santiagoserranomoscoso.com\/web\/?page_id=2"},"modified":"2023-08-23T10:58:29","modified_gmt":"2023-08-23T10:58:29","slug":"sample-page","status":"publish","type":"page","link":"https:\/\/www.santiagoserranomoscoso.com\/web\/","title":{"rendered":"Inicio"},"content":{"rendered":"\n<p class=\"has-text-align-center\"><a href=\"https:\/\/www.santiagoserranomoscoso.com\/web\/leer-poesia\/\">Leer poes\u00eda<\/a><\/p>\n\n\n\n<h2 class=\"wp-block-heading has-text-align-left\">Libros<\/h2>\n\n\n\n<ul class=\"wp-block-list\">\n<li><a href=\"https:\/\/www.santiagoserranomoscoso.com\/web\/category\/poesia\/verso-itinerante\/\">Verso itinerante<\/a><\/li>\n\n\n\n<li><a href=\"https:\/\/www.santiagoserranomoscoso.com\/web\/category\/poesia\/rapsodia-de-la-vida-breve\/\">Rapsodia de la vida breve (pajarillos)<\/a><\/li>\n<\/ul>\n\n\n\n<div style=\"height:40px\" aria-hidden=\"true\" class=\"wp-block-spacer\"><\/div>\n\n\n<div class=\"wp-block-image\">\n<figure class=\"aligncenter size-medium\"><img data-recalc-dims=\"1\" loading=\"lazy\" decoding=\"async\" width=\"295\" height=\"300\" src=\"https:\/\/i0.wp.com\/www.santiagoserranomoscoso.com\/web\/wp-content\/uploads\/2023\/08\/20221020185135-67f6045b-ff84-4d60-8423-81e1a44bf131.jpg?resize=295%2C300&#038;ssl=1\" alt=\"\" class=\"wp-image-1361\" srcset=\"https:\/\/i0.wp.com\/www.santiagoserranomoscoso.com\/web\/wp-content\/uploads\/2023\/08\/20221020185135-67f6045b-ff84-4d60-8423-81e1a44bf131.jpg?resize=295%2C300&amp;ssl=1 295w, https:\/\/i0.wp.com\/www.santiagoserranomoscoso.com\/web\/wp-content\/uploads\/2023\/08\/20221020185135-67f6045b-ff84-4d60-8423-81e1a44bf131.jpg?resize=1006%2C1024&amp;ssl=1 1006w, https:\/\/i0.wp.com\/www.santiagoserranomoscoso.com\/web\/wp-content\/uploads\/2023\/08\/20221020185135-67f6045b-ff84-4d60-8423-81e1a44bf131.jpg?resize=768%2C782&amp;ssl=1 768w, https:\/\/i0.wp.com\/www.santiagoserranomoscoso.com\/web\/wp-content\/uploads\/2023\/08\/20221020185135-67f6045b-ff84-4d60-8423-81e1a44bf131.jpg?w=1061&amp;ssl=1 1061w\" sizes=\"auto, (max-width: 295px) 100vw, 295px\" \/><\/figure>\n<\/div>\n\n\n<div style=\"height:40px\" aria-hidden=\"true\" class=\"wp-block-spacer\"><\/div>\n\n\n\n<h2 class=\"wp-block-heading\">Categor\u00edas<\/h2>\n\n\n<ul class=\"wp-block-categories-list wp-block-categories\">\t<li class=\"cat-item cat-item-1\"><a href=\"https:\/\/www.santiagoserranomoscoso.com\/web\/category\/poesia\/\">Poes\u00eda<\/a>\n<ul class='children'>\n\t<li class=\"cat-item cat-item-10\"><a href=\"https:\/\/www.santiagoserranomoscoso.com\/web\/category\/poesia\/rapsodia-de-la-vida-breve\/\">Rapsodia de la vida breve<\/a>\n<\/li>\n\t<li class=\"cat-item cat-item-11\"><a href=\"https:\/\/www.santiagoserranomoscoso.com\/web\/category\/poesia\/relatos\/\">Relatos<\/a>\n<\/li>\n\t<li class=\"cat-item cat-item-9\"><a href=\"https:\/\/www.santiagoserranomoscoso.com\/web\/category\/poesia\/verso-itinerante\/\">Verso Itinerante<\/a>\n<\/li>\n<\/ul>\n<\/li>\n<\/ul>\n\n\n<h2 class=\"wp-block-heading\">V\u00eddeos<\/h2>\n\n\n\n<h3 class=\"wp-block-heading\">Cita con la Historia, Entrevista 4<\/h3>\n\n\n\n<figure class=\"wp-block-embed is-type-video is-provider-youtube wp-block-embed-youtube wp-embed-aspect-4-3 wp-has-aspect-ratio\"><div class=\"wp-block-embed__wrapper\">\n<div class=\"nv-iframe-embed\"><iframe loading=\"lazy\" title=\"Cita con la Historia, Entrevista 4\" width=\"1200\" height=\"900\" src=\"https:\/\/www.youtube.com\/embed\/tS6W7UGHFLw?feature=oembed\" frameborder=\"0\" allow=\"accelerometer; autoplay; clipboard-write; encrypted-media; gyroscope; picture-in-picture; web-share\" allowfullscreen><\/iframe><\/div>\n<\/div><\/figure>\n\n\n\n<h3 class=\"wp-block-heading\">Cita con la Historia, Entrevista 5<\/h3>\n\n\n\n<figure class=\"wp-block-embed is-type-video is-provider-youtube wp-block-embed-youtube wp-embed-aspect-4-3 wp-has-aspect-ratio\"><div class=\"wp-block-embed__wrapper\">\n<div class=\"nv-iframe-embed\"><iframe loading=\"lazy\" title=\"Cita con la Historia, Entrevista 5\" width=\"1200\" height=\"900\" src=\"https:\/\/www.youtube.com\/embed\/gVJnIuCQTqs?feature=oembed\" frameborder=\"0\" allow=\"accelerometer; autoplay; clipboard-write; encrypted-media; gyroscope; picture-in-picture; web-share\" allowfullscreen><\/iframe><\/div>\n<\/div><\/figure>\n","protected":false},"excerpt":{"rendered":"<p>Leer poes\u00eda Libros Categor\u00edas V\u00eddeos Cita con la Historia, Entrevista 4 Cita con la Historia, Entrevista 5<\/p>\n","protected":false},"author":1,"featured_media":0,"parent":0,"menu_order":0,"comment_status":"closed","ping_status":"open","template":"","meta":{"neve_meta_sidebar":"","neve_meta_container":"","neve_meta_enable_content_width":"","neve_meta_content_width":0,"neve_meta_title_alignment":"","neve_meta_author_avatar":"","neve_post_elements_order":"","neve_meta_disable_header":"","neve_meta_disable_footer":"","neve_meta_disable_title":"","neve_meta_reading_time":"","footnotes":""},"class_list":["post-2","page","type-page","status-publish","hentry"],"jetpack-related-posts":[],"jetpack_sharing_enabled":true,"_links":{"self":[{"href":"https:\/\/www.santiagoserranomoscoso.com\/web\/wp-json\/wp\/v2\/pages\/2","targetHints":{"allow":["GET"]}}],"collection":[{"href":"https:\/\/www.santiagoserranomoscoso.com\/web\/wp-json\/wp\/v2\/pages"}],"about":[{"href":"https:\/\/www.santiagoserranomoscoso.com\/web\/wp-json\/wp\/v2\/types\/page"}],"author":[{"embeddable":true,"href":"https:\/\/www.santiagoserranomoscoso.com\/web\/wp-json\/wp\/v2\/users\/1"}],"replies":[{"embeddable":true,"href":"https:\/\/www.santiagoserranomoscoso.com\/web\/wp-json\/wp\/v2\/comments?post=2"}],"version-history":[{"count":12,"href":"https:\/\/www.santiagoserranomoscoso.com\/web\/wp-json\/wp\/v2\/pages\/2\/revisions"}],"predecessor-version":[{"id":1394,"href":"https:\/\/www.santiagoserranomoscoso.com\/web\/wp-json\/wp\/v2\/pages\/2\/revisions\/1394"}],"wp:attachment":[{"href":"https:\/\/www.santiagoserranomoscoso.com\/web\/wp-json\/wp\/v2\/media?parent=2"}],"curies":[{"name":"wp","href":"https:\/\/api.w.org\/{rel}","templated":true}]}}